{"id":3,"date":"2020-08-19T07:19:27","date_gmt":"2020-08-19T07:19:27","guid":{"rendered":"https:\/\/mediadome.at\/ursprungalm\/?page_id=3"},"modified":"2021-02-11T11:36:35","modified_gmt":"2021-02-11T11:36:35","slug":"datenschutz","status":"publish","type":"page","link":"https:\/\/www.ursprungalm.at\/index.php\/datenschutz\/","title":{"rendered":"Datenschutz"},"content":{"rendered":"\t\t<div data-elementor-type=\"wp-page\" data-elementor-id=\"3\" class=\"elementor elementor-3\" data-elementor-post-type=\"page\">\n\t\t\t\t\t\t<section class=\"elementor-section elementor-top-section elementor-element elementor-element-16700810 elementor-section-stretched elementor-section-boxed elementor-section-height-default elementor-section-height-default\" data-id=\"16700810\" data-element_type=\"section\" data-e-type=\"section\" data-settings=\"{&quot;stretch_section&quot;:&quot;section-stretched&quot;}\">\n\t\t\t\t\t\t<div class=\"elementor-container elementor-column-gap-default\">\n\t\t\t\t\t<div class=\"elementor-column elementor-col-100 elementor-top-column elementor-element elementor-element-197f0cae\" data-id=\"197f0cae\" data-element_type=\"column\" data-e-type=\"column\">\n\t\t\t<div class=\"elementor-widget-wrap elementor-element-populated\">\n\t\t\t\t\t\t<div class=\"elementor-element elementor-element-40716b11 elementor-widget elementor-widget-text-editor\" data-id=\"40716b11\" data-element_type=\"widget\" data-e-type=\"widget\" data-widget_type=\"text-editor.default\">\n\t\t\t\t<div class=\"elementor-widget-container\">\n\t\t\t\t\t\t\t\t\t\n<section class=\"elementor-section elementor-top-section elementor-element elementor-element-b69f5c4 elementor-section-full_width elementor-section-height-default elementor-section-height-default\" data-id=\"b69f5c4\" data-element_type=\"section\">\n<div class=\"elementor-container elementor-column-gap-default\">\n<div class=\"elementor-row\">\n<div class=\"elementor-column elementor-col-100 elementor-top-column elementor-element elementor-element-14c2e9c\" data-id=\"14c2e9c\" data-element_type=\"column\">\n<div class=\"elementor-column-wrap elementor-element-populated\">\n<div class=\"elementor-widget-wrap\">\n<div class=\"elementor-element elementor-element-aa40699 elementor-widget elementor-widget-heading\" data-id=\"aa40699\" data-element_type=\"widget\" data-widget_type=\"heading.default\">\n<div class=\"elementor-widget-container\">\n<h2 class=\"elementor-heading-title elementor-size-default wp-block-heading\">datenschutz<\/h2>\n<\/div>\n<\/div>\n<div class=\"elementor-element elementor-element-93448d6 elementor-hidden-phone elementor-widget-divider--view-line elementor-widget elementor-widget-divider\" data-id=\"93448d6\" data-element_type=\"widget\" data-widget_type=\"divider.default\">\n<div class=\"elementor-widget-container\">\n<div class=\"elementor-divider\">\u00a0<\/div>\n<\/div>\n<\/div>\n<\/div>\n<\/div>\n<\/div>\n<\/div>\n<\/div>\n<\/section>\n<section class=\"elementor-section elementor-top-section elementor-element elementor-element-b81d414 elementor-section-full_width elementor-section-height-default elementor-section-height-default\" data-id=\"b81d414\" data-element_type=\"section\">\n<div class=\"elementor-container elementor-column-gap-default\">\n<div class=\"elementor-row\">\n<div class=\"elementor-column elementor-col-100 elementor-top-column elementor-element elementor-element-10046dd\" data-id=\"10046dd\" data-element_type=\"column\">\n<div class=\"elementor-column-wrap elementor-element-populated\">\n<div class=\"elementor-widget-wrap\">\n<div class=\"elementor-element elementor-element-9a25c5d linkblack elementor-widget elementor-widget-text-editor\" data-id=\"9a25c5d\" data-element_type=\"widget\" data-widget_type=\"text-editor.default\">\n<div class=\"elementor-widget-container\">\n<div class=\"elementor-text-editor elementor-clearfix\">\n<p>Der Schutz Ihrer Privatsph\u00e4re bei der Verarbeitung pers\u00f6nlicher Daten ist f\u00fcr uns ein wichtiges Anliegen. Wir verarbeiten Ihre Daten ausschlie\u00dflich auf Grundlage der gesetzlichen Bestimmungen (DSGVO, TKG 2003).<\/p>\n<p>Besuch unserer Webseite<\/p>\n<p>Wenn Sie unsere Webseite besuchen, speichern und verarbeiten unsere Webserver tempor\u00e4r folgende Daten:<\/p>\n<p>IP-Adresse des anfragenden Rechners<br \/>Datum und Uhrzeit des Zugriffs<br \/>Name und URL der abgerufenen Datei<br \/>\u00dcbertragene Datenmenge<br \/>Meldung, ob der Abruf erfolgreich war (HTTP Statuscode)<br \/>Erkennungsdaten des verwendeten Browser- und Betriebsystems<br \/>Webseite, von der aus der Zugriff erfolgt]<br \/>Diese Daten k\u00f6nnen wir Ihrer Person nicht zuordnen. Die Rechtsgrundlage f\u00fcr die Speicherung dieser Daten ist unser berechtigtes Interesse, da diese insbesondere der Systemsicherheit dienen (Art 6 Abs 1 lit f DSG-VO).<\/p>\n<p>Die Verarbeitung der erfassten Daten erfolgt zum Zweck, die Nutzung der Webseite zu erm\u00f6glichen (Verbindungsaufbau), der Systemsicherheit, der technischen Administration der Netzinfrastruktur sowie zum Zweck anonymisierter, statistischer Auswertung der Nutzung und zur Optimierung unseres Internetangebots. In diesem Zusammenhang weisen wir darauf hin, dass eine Auswertung der IP-Adresse nur bei Angriffen auf unsere Netzinfrastruktur erfolgt.<\/p>\n<p>Daten, die beim Zugriff auf unser Online-Angebot gespeichert worden sind, werden ohne Ihre Einwilligung an Dritte nur \u00fcbermittelt, soweit wir gesetzlich oder durch Gerichtsentscheidung dazu verpflichtet sind oder die Weitergabe im Falle von Angriffen auf unsere Internetinfrastruktur zur Rechts- oder Strafverfolgung erforderlich ist. Eine Weitergabe zu anderen nichtkommerziellen oder zu kommerziellen Zwecken erfolgt nicht.<\/p>\n<p>Kontakt mit uns<\/p>\n<p>Wenn Sie per Formular auf der Website oder per E-Mail Kontakt mit uns aufnehmen, werden Ihre angegebenen Daten zwecks Bearbeitung der Anfrage und f\u00fcr den Fall von Anschlussfragen bei uns gespeichert. Diese Daten geben wir nicht ohne Ihre Einwilligung an Dritte weiter.<\/p>\n<p>Cookies<\/p>\n<p>Unsere Website verwendet so genannte Cookies. Dabei handelt es sich um kleine Textdateien, die mit Hilfe des Browsers auf Ihrem Endger\u00e4t abgelegt werden. Sie richten keinen Schaden an.<br \/>Wir nutzen Cookies dazu, unser Angebot nutzerfreundlich zu gestalten. Einige Cookies bleiben auf Ihrem Endger\u00e4t gespeichert, bis Sie diese l\u00f6schen. Sie erm\u00f6glichen es uns, Ihren Browser beim n\u00e4chsten Besuch wiederzuerkennen. Wenn Sie dies nicht w\u00fcnschen, so k\u00f6nnen Sie Ihren Browser so einrichten, dass er Sie \u00fcber das Setzen von Cookies informiert und Sie dies nur im Einzelfall erlauben.<br \/>Bei der Deaktivierung von Cookies kann die Funktionalit\u00e4t unserer Website eingeschr\u00e4nkt sein.<\/p>\n<p><u>Google Analytics<\/u><\/p>\n<p>Wir setzen Google Analytics, einen Webanalysedienst der Google Inc. (\u201eGoogle\u201c) ein. Google verwendet Cookies. Die durch das Cookie erzeugten Informationen \u00fcber die Benutzung des Onlineangebotes durch die Nutzer werden in der Regel an einen Server von Google in den USA \u00fcbertragen und dort gespeichert.<\/p>\n<p>Google wird diese Informationen in unserem Auftrag benutzen, um die Nutzung unseres Onlineangebotes durch die Nutzer auszuwerten, um Reports \u00fcber die Aktivit\u00e4ten innerhalb dieses Onlineangebotes zusammenzustellen und um weitere mit der Nutzung dieses Onlineangebotes und der Internetnutzung verbundene Dienstleistungen uns gegen\u00fcber zu erbringen. Dabei k\u00f6nnen aus den verarbeiteten Daten pseudonyme Nutzungsprofile der Nutzer erstellt werden.<\/p>\n<p>Wir setzen Google Analytics nur mit aktivierter IP-Anonymisierung ein. Das bedeutet, die IP-Adresse der Nutzer wird von Google innerhalb von Mitgliedstaaten der Europ\u00e4ischen Union oder in anderen Vertragsstaaten des Abkommens \u00fcber den Europ\u00e4ischen Wirtschaftsraum gek\u00fcrzt. Nur in Ausnahmef\u00e4llen wird die volle IP-Adresse an einen Server von Google in den USA \u00fcbertragen und dort gek\u00fcrzt. Die von dem Browser des Nutzers \u00fcbermittelte IP-Adresse wird nicht mit anderen Daten von Google zusammengef\u00fchrt.<\/p>\n<p>Die Nutzer k\u00f6nnen die Speicherung der Cookies durch eine entsprechende Einstellung ihrer Browser-Software verhindern; die Nutzer k\u00f6nnen dar\u00fcber hinaus die Erfassung der durch das Cookie erzeugten und auf ihre Nutzung des Onlineangebotes bezogenen Daten an Google sowie die Verarbeitung dieser Daten durch Google verhindern, indem sie das unter dem folgenden Link verf\u00fcgbare Browser-Plugin herunterladen und installieren: http:\/\/tools.google.com\/dlpage\/gaoptout?hl=de.<\/p>\n<p>Weitere Informationen zur Datennutzung durch Google, Einstellungs- und Widerspruchsm\u00f6glichkeiten erfahren Sie auf den Webseiten von Google: https:\/\/www.google.com\/intl\/de\/policies\/privacy\/partners\/ (\u201eDatennutzung durch Google bei Ihrer Nutzung von Websites oder Apps unserer Partner\u201c).<\/p>\n<p><u>Eingebettete Social Media Elemente Datenschutzerkl\u00e4rung<\/u><\/p>\n<p>Wir binden auf unserer Webseite Elemente von Social Media Diensten ein um Bilder, Videos und Texte anzuzeigen.<br \/>Durch den Besuch von Seiten die diese Elemente darstellen, werden Daten von Ihrem Browser zum jeweiligen Social Media Dienst \u00fcbertragen und dort gespeichert. Wir haben keinen Zugriff auf diese Daten.<br \/>Die folgenden Links f\u00fchren Sie zu den Seiten der jeweiligen Social Media Dienste wo erkl\u00e4rt wird, wie diese mit Ihren Daten umgehen:<\/p>\n<p>Instagram-Datenschutzrichtlinie:\u00a0https:\/\/help.instagram.com\/519522125107875<br \/>F\u00fcr YouTube gilt die Google Datenschutzerkl\u00e4rung:\u00a0https:\/\/policies.google.com\/privacy?hl=de<br \/>Facebook-Datenrichtline:\u00a0https:\/\/www.facebook.com\/about\/privacy<\/p>\n<p><u>Facebook Datenschutzerkl\u00e4rung<\/u><\/p>\n<p>Wir verwenden auf dieser Webseite Funktionen von Facebook, einem Social Media Network der FIrma Facebook Ireland Ltd., 4 Grand Canal Square, Grand Canal Harbour, Dublin 2 Ireland.<br \/>Welche Funktionen (Soziale Plug-ins) Facebook bereitstellt, k\u00f6nnen Sie auf\u00a0https:\/\/developers.facebook.com\/docs\/plugins\/\u00a0nachlesen.<br \/>Durch den Besuch unserer Webseite k\u00f6nnen Informationen an Facebook \u00fcbermittelt werden. Wenn Sie \u00fcber ein Facebook-Konto verf\u00fcgen, kann Facebook diese Daten Ihrem pers\u00f6nlichen Konto zuordnen. Sollten Sie das nicht w\u00fcnschen, melden Sie sich bitte von Facebook ab.<br \/>Die Datenschutzrichtlinien, welche Informationen Facebook sammelt und wie sie diese verwenden finden Sie auf\u00a0https:\/\/www.facebook.com\/policy.php.<\/p>\n<p><u>Facebook-Pixel Datenschutzerkl\u00e4rung<\/u><\/p>\n<p>Wir verwenden auf dieser Webseite das Facebook Pixel von Facebook, einem Social Media Network der Firma Facebook Ireland Ltd., 4 Grand Canal Square, Grand Canal Harbour, Dublin 2 Ireland.<\/p>\n<p>Der auf dieser Seite implementierte Code kann das Verhalten der Besucher auswerten, welche von einer Facebook-Werbung auf diese Webseite gelangt sind. Dies kann zur Verbesserung von Facebook-Werbeanzeigen genutzt werden und diese Daten werden von Facebook erfasst und gespeichert. Die erfassten Daten sind f\u00fcr uns nicht einsehbar sondern nur im Rahmen von Werbeanzeigenschaltungen nutzbar. Durch den Einsatz des Facebook-Pixel-Codes werden auch Cookies gesetzt.<\/p>\n<p>Durch die Nutzung des Facebook-Pixels wird der Besuch dieser Webseite Facebook mitgeteilt, damit Besucher auf Facebook passende Anzeigen zu sehen bekommen. Wenn Sie ein Facebook-Konto besitzen und angemeldet sind, wird der Besuch dieser Webseite Ihrem Facebook-Benutzerkonto zugeordnet.<\/p>\n<p>Wie das Facebook-Pixel f\u00fcr Werbekampagnen genutzt wird, erfahren Sie auf\u00a0https:\/\/www.facebook.com\/business\/learn\/facebook-ads-pixel.<\/p>\n<p>Sie k\u00f6nnen Ihre Einstellungen f\u00fcr Werbeanzeigen in Facebook auf\u00a0https:\/\/www.facebook.com\/ads\/preferences\/?entry_product=ad_settings_screen\u00a0ver\u00e4ndern, sofern Sie in Facebook angemeldet sind. Auf\u00a0http:\/\/www.youronlinechoices.com\/de\/praferenzmanagement\/ k\u00f6nnen Sie\u00a0Ihre Pr\u00e4ferenzen hinsichtlich nutzungsbasierter Online-Werbung verwalten.\u00a0Sie k\u00f6nnen dort viele Anbieter auf einmal deaktivieren oder aktivieren oder die Einstellungen f\u00fcr einzelne Anbieter vornehmen.<\/p>\n<p>Mehr Informationen zur Datenrichtlinie von Facebook finden Sie auf\u00a0https:\/\/www.facebook.com\/policy.php.<\/p>\n<p><u>Ihre Rechte<\/u><\/p>\n<p>Ihnen stehen bez\u00fcglich Ihrer bei uns gespeicherten Daten grunds\u00e4tzlich die Rechte auf Auskunft, Berichtigung, L\u00f6schung, Einschr\u00e4nkung, Daten\u00fcbertragbarkeit, Widerruf und Widerspruch zu. Wenn Sie glauben, dass die Verarbeitung Ihrer Daten gegen das Datenschutzrecht verst\u00f6\u00dft oder Ihre datenschutzrechtlichen Anspr\u00fcche sonst in einer Weise verletzt worden sind, k\u00f6nnen Sie sich unter <a href=\"mailto:office@mediadome.at\">office@mediadome.at <\/a>oder der Datenschutzbeh\u00f6rde beschweren.<\/p>\n<p><u>Sie erreichen uns unter folgenden Kontaktdaten:<\/u><\/p>\n<p>Ursprungalmh\u00fctte<br \/><span style=\"font-size: 1rem;\">Helmut Pilz<br \/>Preunegg 38<br \/>8973 Schladming-Preunegg<br \/>+43 664 9038038<br \/>info@ursprungalm.at<\/span><\/p>\n<\/div>\n<\/div>\n<\/div>\n<\/div>\n<\/div>\n<\/div>\n<\/div>\n<\/div>\n<\/section>\n\t\t\t\t\t\t\t\t<\/div>\n\t\t\t\t<\/div>\n\t\t\t\t\t<\/div>\n\t\t<\/div>\n\t\t\t\t\t<\/div>\n\t\t<\/section>\n\t\t\t\t<\/div>\n\t\t","protected":false},"excerpt":{"rendered":"<p>datenschutz \u00a0 Der Schutz Ihrer Privatsph\u00e4re bei der Verarbeitung pers\u00f6nlicher Daten ist f\u00fcr uns ein wichtiges Anliegen. Wir verarbeiten Ihre Daten ausschlie\u00dflich auf Grundlage der gesetzlichen Bestimmungen (DSGVO, TKG 2003). Besuch unserer Webseite Wenn Sie unsere Webseite besuchen, speichern und verarbeiten unsere Webserver tempor\u00e4r folgende Daten: IP-Adresse des anfragenden RechnersDatum und Uhrzeit des ZugriffsName und &hellip; <\/p>\n<p class=\"link-more\"><a href=\"https:\/\/www.ursprungalm.at\/index.php\/datenschutz\/\" class=\"more-link\"><span class=\"screen-reader-text\">\u201eDatenschutz\u201c <\/span>weiterlesen<\/a><\/p>\n","protected":false},"author":1,"featured_media":0,"parent":0,"menu_order":0,"comment_status":"closed","ping_status":"open","template":"","meta":{"footnotes":""},"class_list":["post-3","page","type-page","status-publish","hentry"],"_links":{"self":[{"href":"https:\/\/www.ursprungalm.at\/index.php\/wp-json\/wp\/v2\/pages\/3","targetHints":{"allow":["GET"]}}],"collection":[{"href":"https:\/\/www.ursprungalm.at\/index.php\/wp-json\/wp\/v2\/pages"}],"about":[{"href":"https:\/\/www.ursprungalm.at\/index.php\/wp-json\/wp\/v2\/types\/page"}],"author":[{"embeddable":true,"href":"https:\/\/www.ursprungalm.at\/index.php\/wp-json\/wp\/v2\/users\/1"}],"replies":[{"embeddable":true,"href":"https:\/\/www.ursprungalm.at\/index.php\/wp-json\/wp\/v2\/comments?post=3"}],"version-history":[{"count":7,"href":"https:\/\/www.ursprungalm.at\/index.php\/wp-json\/wp\/v2\/pages\/3\/revisions"}],"predecessor-version":[{"id":453,"href":"https:\/\/www.ursprungalm.at\/index.php\/wp-json\/wp\/v2\/pages\/3\/revisions\/453"}],"wp:attachment":[{"href":"https:\/\/www.ursprungalm.at\/index.php\/wp-json\/wp\/v2\/media?parent=3"}],"curies":[{"name":"wp","href":"https:\/\/api.w.org\/{rel}","templated":true}]}}